{"id":226,"date":"2024-02-14T11:04:54","date_gmt":"2024-02-14T10:04:54","guid":{"rendered":"https:\/\/claudiaetjoffrey.ouii.fr\/?page_id=226"},"modified":"2024-02-20T17:09:10","modified_gmt":"2024-02-20T16:09:10","slug":"accueil","status":"publish","type":"page","link":"https:\/\/claudiaetjoffrey.ouii.fr\/","title":{"rendered":"accueil"},"content":{"rendered":"\t\t<div data-elementor-type=\"wp-page\" data-elementor-id=\"226\" class=\"elementor elementor-226\">\n\t\t\t\t<div class=\"elementor-element elementor-element-6bdbecb e-con-full elementor-hidden-mobile e-flex e-con e-parent\" data-id=\"6bdbecb\" data-element_type=\"container\" data-settings=\"{&quot;background_background&quot;:&quot;classic&quot;}\" data-core-v316-plus=\"true\">\n\t\t<div class=\"elementor-element elementor-element-dde93c9 e-con-full e-flex e-con e-child\" data-id=\"dde93c9\" data-element_type=\"container\">\n\t\t<div class=\"elementor-element elementor-element-ffb7a87 e-con-full e-flex e-con e-child\" data-id=\"ffb7a87\" data-element_type=\"container\">\n\t\t\t\t<div class=\"elementor-element elementor-element-33d5e0a e-transform e-transform elementor-widget elementor-widget-image\" data-id=\"33d5e0a\" data-element_type=\"widget\" data-settings=\"{&quot;_transform_translateX_effect&quot;:{&quot;unit&quot;:&quot;px&quot;,&quot;size&quot;:68,&quot;sizes&quot;:[]},&quot;_transform_translateY_effect&quot;:{&quot;unit&quot;:&quot;px&quot;,&quot;size&quot;:34,&quot;sizes&quot;:[]},&quot;_transform_scale_effect&quot;:{&quot;unit&quot;:&quot;px&quot;,&quot;size&quot;:1.5,&quot;sizes&quot;:[]},&quot;_transform_translateX_effect_tablet&quot;:{&quot;unit&quot;:&quot;px&quot;,&quot;size&quot;:&quot;&quot;,&quot;sizes&quot;:[]},&quot;_transform_translateX_effect_mobile&quot;:{&quot;unit&quot;:&quot;px&quot;,&quot;size&quot;:&quot;&quot;,&quot;sizes&quot;:[]},&quot;_transform_translateY_effect_tablet&quot;:{&quot;unit&quot;:&quot;px&quot;,&quot;size&quot;:&quot;&quot;,&quot;sizes&quot;:[]},&quot;_transform_translateY_effect_mobile&quot;:{&quot;unit&quot;:&quot;px&quot;,&quot;size&quot;:&quot;&quot;,&quot;sizes&quot;:[]},&quot;_transform_scale_effect_tablet&quot;:{&quot;unit&quot;:&quot;px&quot;,&quot;size&quot;:&quot;&quot;,&quot;sizes&quot;:[]},&quot;_transform_scale_effect_mobile&quot;:{&quot;unit&quot;:&quot;px&quot;,&quot;size&quot;:&quot;&quot;,&quot;sizes&quot;:[]}}\" data-widget_type=\"image.default\">\n\t\t\t\t<div class=\"elementor-widget-container\">\n\t\t\t<style>\/*! elementor - v3.20.0 - 20-03-2024 *\/\n.elementor-widget-image{text-align:center}.elementor-widget-image a{display:inline-block}.elementor-widget-image a img[src$=\".svg\"]{width:48px}.elementor-widget-image img{vertical-align:middle;display:inline-block}<\/style>\t\t\t\t\t\t\t\t\t\t<img fetchpriority=\"high\" decoding=\"async\" width=\"1024\" height=\"658\" src=\"https:\/\/claudiaetjoffrey.ouii.fr\/wp-content\/uploads\/2024\/02\/logo-2-1024x658.png\" class=\"attachment-large size-large wp-image-61\" alt=\"\" srcset=\"https:\/\/claudiaetjoffrey.ouii.fr\/wp-content\/uploads\/2024\/02\/logo-2-1024x658.png 1024w, https:\/\/claudiaetjoffrey.ouii.fr\/wp-content\/uploads\/2024\/02\/logo-2-300x193.png 300w, https:\/\/claudiaetjoffrey.ouii.fr\/wp-content\/uploads\/2024\/02\/logo-2-768x493.png 768w, https:\/\/claudiaetjoffrey.ouii.fr\/wp-content\/uploads\/2024\/02\/logo-2.png 1328w\" sizes=\"(max-width: 1024px) 100vw, 1024px\" \/>\t\t\t\t\t\t\t\t\t\t\t\t\t<\/div>\n\t\t\t\t<\/div>\n\t\t\t\t<\/div>\n\t\t<div class=\"elementor-element elementor-element-695d393 e-con-full e-flex e-con e-child\" data-id=\"695d393\" data-element_type=\"container\">\n\t\t\t\t<div class=\"elementor-element elementor-element-0a54f03 elementor-align-center elementor-widget elementor-widget-button\" data-id=\"0a54f03\" data-element_type=\"widget\" data-widget_type=\"button.default\">\n\t\t\t\t<div class=\"elementor-widget-container\">\n\t\t\t\t\t<div class=\"elementor-button-wrapper\">\n\t\t\t<a class=\"elementor-button elementor-button-link elementor-size-sm elementor-animation-grow\" href=\"https:\/\/claudiaetjoffrey.ouii.fr\/\">\n\t\t\t\t\t\t<span class=\"elementor-button-content-wrapper\">\n\t\t\t\t\t\t<span class=\"elementor-button-text\">Accueil<\/span>\n\t\t<\/span>\n\t\t\t\t\t<\/a>\n\t\t<\/div>\n\t\t\t\t<\/div>\n\t\t\t\t<\/div>\n\t\t\t\t<\/div>\n\t\t<div class=\"elementor-element elementor-element-a0c5b11 e-con-full e-flex e-con e-child\" data-id=\"a0c5b11\" data-element_type=\"container\">\n\t\t\t\t<div class=\"elementor-element elementor-element-a37ba48 elementor-align-center elementor-widget elementor-widget-button\" data-id=\"a37ba48\" data-element_type=\"widget\" data-widget_type=\"button.default\">\n\t\t\t\t<div class=\"elementor-widget-container\">\n\t\t\t\t\t<div class=\"elementor-button-wrapper\">\n\t\t\t<a class=\"elementor-button elementor-button-link elementor-size-sm elementor-animation-grow\" href=\"https:\/\/claudiaetjoffrey.ouii.fr\/index.php\/le-programme\/\">\n\t\t\t\t\t\t<span class=\"elementor-button-content-wrapper\">\n\t\t\t\t\t\t<span class=\"elementor-button-text\">le Programme<\/span>\n\t\t<\/span>\n\t\t\t\t\t<\/a>\n\t\t<\/div>\n\t\t\t\t<\/div>\n\t\t\t\t<\/div>\n\t\t\t\t<\/div>\n\t\t<div class=\"elementor-element elementor-element-1f3cdb4 e-con-full e-flex e-con e-child\" data-id=\"1f3cdb4\" data-element_type=\"container\">\n\t\t\t\t<div class=\"elementor-element elementor-element-e6cc9d7 elementor-align-center elementor-widget elementor-widget-button\" data-id=\"e6cc9d7\" data-element_type=\"widget\" data-widget_type=\"button.default\">\n\t\t\t\t<div class=\"elementor-widget-container\">\n\t\t\t\t\t<div class=\"elementor-button-wrapper\">\n\t\t\t<a class=\"elementor-button elementor-button-link elementor-size-sm elementor-animation-grow\" href=\"https:\/\/claudiaetjoffrey.ouii.fr\/index.php\/nos-temoins\/\">\n\t\t\t\t\t\t<span class=\"elementor-button-content-wrapper\">\n\t\t\t\t\t\t<span class=\"elementor-button-text\">nos t\u00e9moins<\/span>\n\t\t<\/span>\n\t\t\t\t\t<\/a>\n\t\t<\/div>\n\t\t\t\t<\/div>\n\t\t\t\t<\/div>\n\t\t\t\t<\/div>\n\t\t<div class=\"elementor-element elementor-element-6c7ef06 e-con-full e-flex e-con e-child\" data-id=\"6c7ef06\" data-element_type=\"container\">\n\t\t\t\t<div class=\"elementor-element elementor-element-1b5bd77 elementor-align-center elementor-widget elementor-widget-button\" data-id=\"1b5bd77\" data-element_type=\"widget\" data-widget_type=\"button.default\">\n\t\t\t\t<div class=\"elementor-widget-container\">\n\t\t\t\t\t<div class=\"elementor-button-wrapper\">\n\t\t\t<a class=\"elementor-button elementor-button-link elementor-size-sm elementor-animation-grow\" href=\"https:\/\/claudiaetjoffrey.ouii.fr\/index.php\/hebergements\/\">\n\t\t\t\t\t\t<span class=\"elementor-button-content-wrapper\">\n\t\t\t\t\t\t<span class=\"elementor-button-text\">H\u00e9bergements<\/span>\n\t\t<\/span>\n\t\t\t\t\t<\/a>\n\t\t<\/div>\n\t\t\t\t<\/div>\n\t\t\t\t<\/div>\n\t\t\t\t<\/div>\n\t\t<div class=\"elementor-element elementor-element-cc0a975 e-flex e-con-boxed e-con e-child\" data-id=\"cc0a975\" data-element_type=\"container\">\n\t\t\t\t\t<div class=\"e-con-inner\">\n\t\t\t\t<div class=\"elementor-element elementor-element-a2148d6 elementor-widget elementor-widget-button\" data-id=\"a2148d6\" data-element_type=\"widget\" data-widget_type=\"button.default\">\n\t\t\t\t<div class=\"elementor-widget-container\">\n\t\t\t\t\t<div class=\"elementor-button-wrapper\">\n\t\t\t<a class=\"elementor-button elementor-button-link elementor-size-sm elementor-animation-shrink\" href=\"https:\/\/forms.gle\/4ReUUfPfMFtHjKx58\" target=\"_blank\">\n\t\t\t\t\t\t<span class=\"elementor-button-content-wrapper\">\n\t\t\t\t\t\t<span class=\"elementor-button-text\">J'indique ma pr\u00e9sence<\/span>\n\t\t<\/span>\n\t\t\t\t\t<\/a>\n\t\t<\/div>\n\t\t\t\t<\/div>\n\t\t\t\t<\/div>\n\t\t\t\t\t<\/div>\n\t\t\t\t<\/div>\n\t\t\t\t<\/div>\n\t\t<div class=\"elementor-element elementor-element-e8d0ae5 e-con-full e-flex e-con e-child\" data-id=\"e8d0ae5\" data-element_type=\"container\">\n\t\t\t\t<div class=\"elementor-element elementor-element-66ab037 elementor-widget elementor-widget-text-editor\" data-id=\"66ab037\" data-element_type=\"widget\" data-widget_type=\"text-editor.default\">\n\t\t\t\t<div class=\"elementor-widget-container\">\n\t\t\t<style>\/*! elementor - v3.20.0 - 20-03-2024 *\/\n.elementor-widget-text-editor.elementor-drop-cap-view-stacked .elementor-drop-cap{background-color:#69727d;color:#fff}.elementor-widget-text-editor.elementor-drop-cap-view-framed .elementor-drop-cap{color:#69727d;border:3px solid;background-color:transparent}.elementor-widget-text-editor:not(.elementor-drop-cap-view-default) .elementor-drop-cap{margin-top:8px}.elementor-widget-text-editor:not(.elementor-drop-cap-view-default) .elementor-drop-cap-letter{width:1em;height:1em}.elementor-widget-text-editor .elementor-drop-cap{float:left;text-align:center;line-height:1;font-size:50px}.elementor-widget-text-editor .elementor-drop-cap-letter{display:inline-block}<\/style>\t\t\t\t<span style=\"font-size: 120px!important; color: #b1888c;\">I<\/span>l \u00e9tait une fois,\t\t\t\t\t\t<\/div>\n\t\t\t\t<\/div>\n\t\t\t\t<div class=\"elementor-element elementor-element-39ab75c elementor-widget elementor-widget-text-editor\" data-id=\"39ab75c\" data-element_type=\"widget\" data-widget_type=\"text-editor.default\">\n\t\t\t\t<div class=\"elementor-widget-container\">\n\t\t\t\t\t\t\t<p>\u00a0toutes les belles histoires commencent comme \u00e7a,<br \/>alors il \u00e9tait une fois, Claudia et Joffrey depuis 2015<br \/>&#8230;.Oui vous avez bien lu&#8230;2015 !!!!!<\/p>\t\t\t\t\t\t<\/div>\n\t\t\t\t<\/div>\n\t\t\t\t<\/div>\n\t\t<div class=\"elementor-element elementor-element-ccd3ddf e-flex e-con-boxed e-con e-child\" data-id=\"ccd3ddf\" data-element_type=\"container\">\n\t\t\t\t\t<div class=\"e-con-inner\">\n\t\t\t\t<div class=\"elementor-element elementor-element-a53632c elementor-invisible elementor-widget elementor-widget-text-editor\" data-id=\"a53632c\" data-element_type=\"widget\" data-settings=\"{&quot;_animation&quot;:&quot;zoomIn&quot;}\" data-widget_type=\"text-editor.default\">\n\t\t\t\t<div class=\"elementor-widget-container\">\n\t\t\t\t\t\t\tClaudia <span style=\"color:#B1888C;\">&#038;<\/span> Joffrey\n\t\t\t\t\t\t<\/div>\n\t\t\t\t<\/div>\n\t\t\t\t\t<\/div>\n\t\t\t\t<\/div>\n\t\t<div class=\"elementor-element elementor-element-22e5bb5 e-flex e-con-boxed e-con e-child\" data-id=\"22e5bb5\" data-element_type=\"container\">\n\t\t\t\t\t<div class=\"e-con-inner\">\n\t\t\t\t<div class=\"elementor-element elementor-element-dd8db8a elementor-invisible elementor-widget elementor-widget-text-editor\" data-id=\"dd8db8a\" data-element_type=\"widget\" data-settings=\"{&quot;_animation&quot;:&quot;fadeIn&quot;,&quot;_animation_delay&quot;:500}\" data-widget_type=\"text-editor.default\">\n\t\t\t\t<div class=\"elementor-widget-container\">\n\t\t\t\t\t\t\t<p>29.06.2024<\/p>\t\t\t\t\t\t<\/div>\n\t\t\t\t<\/div>\n\t\t\t\t\t<\/div>\n\t\t\t\t<\/div>\n\t\t<div class=\"elementor-element elementor-element-edb3822 e-con-full e-flex e-con e-child\" data-id=\"edb3822\" data-element_type=\"container\">\n\t\t<div class=\"elementor-element elementor-element-acef381 e-con-full e-flex e-con e-child\" data-id=\"acef381\" data-element_type=\"container\">\n\t\t<div class=\"elementor-element elementor-element-b1c6c94 e-flex e-con-boxed elementor-invisible e-con e-child\" data-id=\"b1c6c94\" data-element_type=\"container\" data-settings=\"{&quot;animation&quot;:&quot;fadeInLeft&quot;}\">\n\t\t\t\t\t<div class=\"e-con-inner\">\n\t\t\t\t<div class=\"elementor-element elementor-element-d7950f0 e-transform elementor-widget elementor-widget-image\" data-id=\"d7950f0\" data-element_type=\"widget\" data-settings=\"{&quot;_transform_flipX_effect&quot;:&quot;transform&quot;}\" data-widget_type=\"image.default\">\n\t\t\t\t<div class=\"elementor-widget-container\">\n\t\t\t\t\t\t\t\t\t\t\t\t\t<img decoding=\"async\" width=\"64\" height=\"53\" src=\"https:\/\/claudiaetjoffrey.ouii.fr\/wp-content\/uploads\/2024\/02\/quote.png\" class=\"attachment-large size-large wp-image-402\" alt=\"\" \/>\t\t\t\t\t\t\t\t\t\t\t\t\t<\/div>\n\t\t\t\t<\/div>\n\t\t\t\t\t<\/div>\n\t\t\t\t<\/div>\n\t\t<div class=\"elementor-element elementor-element-71234bb e-con-full e-flex e-con e-child\" data-id=\"71234bb\" data-element_type=\"container\">\n\t\t\t\t<div class=\"elementor-element elementor-element-267b7c4 elementor-widget elementor-widget-text-editor\" data-id=\"267b7c4\" data-element_type=\"widget\" data-widget_type=\"text-editor.default\">\n\t\t\t\t<div class=\"elementor-widget-container\">\n\t\t\t\t\t\t\t<p class=\"cvGsUA direction-ltr align-center para-style-body\"><span class=\"OYPEnA text-decoration-none text-strikethrough-none\">Pour \u00eatre bien servi,<br> <\/span><span class=\"OYPEnA text-decoration-none text-strikethrough-none\">il faut savoir attendre &#8230;<\/span><\/p>\t\t\t\t\t\t<\/div>\n\t\t\t\t<\/div>\n\t\t\t\t<\/div>\n\t\t<div class=\"elementor-element elementor-element-55e085b e-flex e-con-boxed elementor-invisible e-con e-child\" data-id=\"55e085b\" data-element_type=\"container\" data-settings=\"{&quot;animation&quot;:&quot;fadeInRight&quot;}\">\n\t\t\t\t\t<div class=\"e-con-inner\">\n\t\t\t\t<div class=\"elementor-element elementor-element-cd8a75d elementor-widget elementor-widget-image\" data-id=\"cd8a75d\" data-element_type=\"widget\" data-widget_type=\"image.default\">\n\t\t\t\t<div class=\"elementor-widget-container\">\n\t\t\t\t\t\t\t\t\t\t\t\t\t<img decoding=\"async\" width=\"64\" height=\"53\" src=\"https:\/\/claudiaetjoffrey.ouii.fr\/wp-content\/uploads\/2024\/02\/quote.png\" class=\"attachment-large size-large wp-image-402\" alt=\"\" \/>\t\t\t\t\t\t\t\t\t\t\t\t\t<\/div>\n\t\t\t\t<\/div>\n\t\t\t\t\t<\/div>\n\t\t\t\t<\/div>\n\t\t\t\t<\/div>\n\t\t<div class=\"elementor-element elementor-element-3cb4186 e-flex e-con-boxed e-con e-child\" data-id=\"3cb4186\" data-element_type=\"container\">\n\t\t\t\t\t<div class=\"e-con-inner\">\n\t\t\t\t<div class=\"elementor-element elementor-element-9b6dfbd e-transform e-transform elementor-widget elementor-widget-image\" data-id=\"9b6dfbd\" data-element_type=\"widget\" data-settings=\"{&quot;_transform_flipX_effect&quot;:&quot;transform&quot;,&quot;_transform_flipY_effect&quot;:&quot;transform&quot;}\" data-widget_type=\"image.default\">\n\t\t\t\t<div class=\"elementor-widget-container\">\n\t\t\t\t\t\t\t\t\t\t\t\t\t<img fetchpriority=\"high\" decoding=\"async\" width=\"1024\" height=\"658\" src=\"https:\/\/claudiaetjoffrey.ouii.fr\/wp-content\/uploads\/2024\/02\/logo-2-1024x658.png\" class=\"attachment-large size-large wp-image-61\" alt=\"\" srcset=\"https:\/\/claudiaetjoffrey.ouii.fr\/wp-content\/uploads\/2024\/02\/logo-2-1024x658.png 1024w, https:\/\/claudiaetjoffrey.ouii.fr\/wp-content\/uploads\/2024\/02\/logo-2-300x193.png 300w, https:\/\/claudiaetjoffrey.ouii.fr\/wp-content\/uploads\/2024\/02\/logo-2-768x493.png 768w, https:\/\/claudiaetjoffrey.ouii.fr\/wp-content\/uploads\/2024\/02\/logo-2.png 1328w\" sizes=\"(max-width: 1024px) 100vw, 1024px\" \/>\t\t\t\t\t\t\t\t\t\t\t\t\t<\/div>\n\t\t\t\t<\/div>\n\t\t\t\t\t<\/div>\n\t\t\t\t<\/div>\n\t\t\t\t<\/div>\n\t\t\t\t<\/div>\n\t\t<div class=\"elementor-element elementor-element-3edd6f3 e-con-full elementor-hidden-desktop elementor-hidden-tablet e-flex e-con e-parent\" data-id=\"3edd6f3\" data-element_type=\"container\" data-settings=\"{&quot;background_background&quot;:&quot;classic&quot;}\" data-core-v316-plus=\"true\">\n\t\t<div class=\"elementor-element elementor-element-7ad64ed e-con-full e-flex e-con e-child\" data-id=\"7ad64ed\" data-element_type=\"container\">\n\t\t<div class=\"elementor-element elementor-element-949ae5a e-con-full e-flex e-con e-child\" data-id=\"949ae5a\" data-element_type=\"container\">\n\t\t\t\t<div class=\"elementor-element elementor-element-759c333 e-transform e-transform elementor-widget elementor-widget-image\" data-id=\"759c333\" data-element_type=\"widget\" data-settings=\"{&quot;_transform_translateX_effect&quot;:{&quot;unit&quot;:&quot;px&quot;,&quot;size&quot;:68,&quot;sizes&quot;:[]},&quot;_transform_translateY_effect&quot;:{&quot;unit&quot;:&quot;px&quot;,&quot;size&quot;:34,&quot;sizes&quot;:[]},&quot;_transform_scale_effect&quot;:{&quot;unit&quot;:&quot;px&quot;,&quot;size&quot;:1.5,&quot;sizes&quot;:[]},&quot;_transform_translateX_effect_tablet&quot;:{&quot;unit&quot;:&quot;px&quot;,&quot;size&quot;:&quot;&quot;,&quot;sizes&quot;:[]},&quot;_transform_translateX_effect_mobile&quot;:{&quot;unit&quot;:&quot;px&quot;,&quot;size&quot;:&quot;&quot;,&quot;sizes&quot;:[]},&quot;_transform_translateY_effect_tablet&quot;:{&quot;unit&quot;:&quot;px&quot;,&quot;size&quot;:&quot;&quot;,&quot;sizes&quot;:[]},&quot;_transform_translateY_effect_mobile&quot;:{&quot;unit&quot;:&quot;px&quot;,&quot;size&quot;:&quot;&quot;,&quot;sizes&quot;:[]},&quot;_transform_scale_effect_tablet&quot;:{&quot;unit&quot;:&quot;px&quot;,&quot;size&quot;:&quot;&quot;,&quot;sizes&quot;:[]},&quot;_transform_scale_effect_mobile&quot;:{&quot;unit&quot;:&quot;px&quot;,&quot;size&quot;:&quot;&quot;,&quot;sizes&quot;:[]}}\" data-widget_type=\"image.default\">\n\t\t\t\t<div class=\"elementor-widget-container\">\n\t\t\t\t\t\t\t\t\t\t\t\t\t<img fetchpriority=\"high\" decoding=\"async\" width=\"1024\" height=\"658\" src=\"https:\/\/claudiaetjoffrey.ouii.fr\/wp-content\/uploads\/2024\/02\/logo-2-1024x658.png\" class=\"attachment-large size-large wp-image-61\" alt=\"\" srcset=\"https:\/\/claudiaetjoffrey.ouii.fr\/wp-content\/uploads\/2024\/02\/logo-2-1024x658.png 1024w, https:\/\/claudiaetjoffrey.ouii.fr\/wp-content\/uploads\/2024\/02\/logo-2-300x193.png 300w, https:\/\/claudiaetjoffrey.ouii.fr\/wp-content\/uploads\/2024\/02\/logo-2-768x493.png 768w, https:\/\/claudiaetjoffrey.ouii.fr\/wp-content\/uploads\/2024\/02\/logo-2.png 1328w\" sizes=\"(max-width: 1024px) 100vw, 1024px\" \/>\t\t\t\t\t\t\t\t\t\t\t\t\t<\/div>\n\t\t\t\t<\/div>\n\t\t\t\t<\/div>\n\t\t\t\t<\/div>\n\t\t<div class=\"elementor-element elementor-element-6972c89 e-con-full e-flex e-con e-child\" data-id=\"6972c89\" data-element_type=\"container\">\n\t\t\t\t<div class=\"elementor-element elementor-element-68aa6f2 elementor-widget elementor-widget-text-editor\" data-id=\"68aa6f2\" data-element_type=\"widget\" data-widget_type=\"text-editor.default\">\n\t\t\t\t<div class=\"elementor-widget-container\">\n\t\t\t\t\t\t\t<span style=\"font-size: 80px!important; color: #b1888c;\">I<\/span>l \u00e9tait une fois,\t\t\t\t\t\t<\/div>\n\t\t\t\t<\/div>\n\t\t\t\t<div class=\"elementor-element elementor-element-8d2c5e4 elementor-widget elementor-widget-text-editor\" data-id=\"8d2c5e4\" data-element_type=\"widget\" data-widget_type=\"text-editor.default\">\n\t\t\t\t<div class=\"elementor-widget-container\">\n\t\t\t\t\t\t\ttoutes les belles histoires commencent comme \u00e7a,\nalors il \u00e9tait une fois,<br> Claudia et Joffrey depuis 2015\n&#8230;.Oui vous avez bien lu&#8230;\n2015 !!!!!\t\t\t\t\t\t<\/div>\n\t\t\t\t<\/div>\n\t\t\t\t<\/div>\n\t\t<div class=\"elementor-element elementor-element-aedbdd5 e-flex e-con-boxed e-con e-child\" data-id=\"aedbdd5\" data-element_type=\"container\">\n\t\t\t\t\t<div class=\"e-con-inner\">\n\t\t\t\t<div class=\"elementor-element elementor-element-2c2b69d elementor-invisible elementor-widget elementor-widget-text-editor\" data-id=\"2c2b69d\" data-element_type=\"widget\" data-settings=\"{&quot;_animation&quot;:&quot;zoomIn&quot;}\" data-widget_type=\"text-editor.default\">\n\t\t\t\t<div class=\"elementor-widget-container\">\n\t\t\t\t\t\t\tClaudia <span style=\"color:#B1888C;\">&#038;<\/span> Joffrey\n\t\t\t\t\t\t<\/div>\n\t\t\t\t<\/div>\n\t\t\t\t\t<\/div>\n\t\t\t\t<\/div>\n\t\t<div class=\"elementor-element elementor-element-8d12641 e-flex e-con-boxed e-con e-child\" data-id=\"8d12641\" data-element_type=\"container\">\n\t\t\t\t\t<div class=\"e-con-inner\">\n\t\t\t\t<div class=\"elementor-element elementor-element-6068e58 elementor-invisible elementor-widget elementor-widget-text-editor\" data-id=\"6068e58\" data-element_type=\"widget\" data-settings=\"{&quot;_animation&quot;:&quot;fadeIn&quot;,&quot;_animation_delay&quot;:500}\" data-widget_type=\"text-editor.default\">\n\t\t\t\t<div class=\"elementor-widget-container\">\n\t\t\t\t\t\t\t<p>29.06.2024<\/p>\t\t\t\t\t\t<\/div>\n\t\t\t\t<\/div>\n\t\t\t\t\t<\/div>\n\t\t\t\t<\/div>\n\t\t<div class=\"elementor-element elementor-element-a1b20c9 e-con-full e-flex e-con e-child\" data-id=\"a1b20c9\" data-element_type=\"container\">\n\t\t<div class=\"elementor-element elementor-element-8fc43c9 e-con-full e-flex e-con e-child\" data-id=\"8fc43c9\" data-element_type=\"container\">\n\t\t<div class=\"elementor-element elementor-element-b109a93 e-flex e-con-boxed elementor-invisible e-con e-child\" data-id=\"b109a93\" data-element_type=\"container\" data-settings=\"{&quot;animation&quot;:&quot;fadeInLeft&quot;,&quot;animation_mobile&quot;:&quot;none&quot;}\">\n\t\t\t\t\t<div class=\"e-con-inner\">\n\t\t\t\t<div class=\"elementor-element elementor-element-a0941a9 e-transform elementor-widget elementor-widget-image\" data-id=\"a0941a9\" data-element_type=\"widget\" data-settings=\"{&quot;_animation_mobile&quot;:&quot;fadeInLeft&quot;,&quot;_transform_flipX_effect&quot;:&quot;transform&quot;}\" data-widget_type=\"image.default\">\n\t\t\t\t<div class=\"elementor-widget-container\">\n\t\t\t\t\t\t\t\t\t\t\t\t\t<img decoding=\"async\" width=\"64\" height=\"53\" src=\"https:\/\/claudiaetjoffrey.ouii.fr\/wp-content\/uploads\/2024\/02\/quote.png\" class=\"attachment-large size-large wp-image-402\" alt=\"\" \/>\t\t\t\t\t\t\t\t\t\t\t\t\t<\/div>\n\t\t\t\t<\/div>\n\t\t\t\t<div class=\"elementor-element elementor-element-ac3929a elementor-widget elementor-widget-text-editor\" data-id=\"ac3929a\" data-element_type=\"widget\" data-settings=\"{&quot;_animation_mobile&quot;:&quot;fadeIn&quot;}\" data-widget_type=\"text-editor.default\">\n\t\t\t\t<div class=\"elementor-widget-container\">\n\t\t\t\t\t\t\t<p class=\"cvGsUA direction-ltr align-center para-style-body\"><span class=\"OYPEnA text-decoration-none text-strikethrough-none\">Pour \u00eatre bien servi,<br> <\/span><span class=\"OYPEnA text-decoration-none text-strikethrough-none\">il faut savoir attendre &#8230;<\/span><\/p>\t\t\t\t\t\t<\/div>\n\t\t\t\t<\/div>\n\t\t\t\t<div class=\"elementor-element elementor-element-6166beb elementor-widget elementor-widget-image\" data-id=\"6166beb\" data-element_type=\"widget\" data-settings=\"{&quot;_animation_mobile&quot;:&quot;fadeInRight&quot;}\" data-widget_type=\"image.default\">\n\t\t\t\t<div class=\"elementor-widget-container\">\n\t\t\t\t\t\t\t\t\t\t\t\t\t<img decoding=\"async\" width=\"64\" height=\"53\" src=\"https:\/\/claudiaetjoffrey.ouii.fr\/wp-content\/uploads\/2024\/02\/quote.png\" class=\"attachment-large size-large wp-image-402\" alt=\"\" \/>\t\t\t\t\t\t\t\t\t\t\t\t\t<\/div>\n\t\t\t\t<\/div>\n\t\t\t\t\t<\/div>\n\t\t\t\t<\/div>\n\t\t\t\t<\/div>\n\t\t<div class=\"elementor-element elementor-element-df7cf67 e-flex e-con-boxed e-con e-child\" data-id=\"df7cf67\" data-element_type=\"container\">\n\t\t\t\t\t<div class=\"e-con-inner\">\n\t\t\t\t<div class=\"elementor-element elementor-element-f1a31d1 e-transform e-transform elementor-widget elementor-widget-image\" data-id=\"f1a31d1\" data-element_type=\"widget\" data-settings=\"{&quot;_transform_flipX_effect&quot;:&quot;transform&quot;,&quot;_transform_flipY_effect&quot;:&quot;transform&quot;}\" data-widget_type=\"image.default\">\n\t\t\t\t<div class=\"elementor-widget-container\">\n\t\t\t\t\t\t\t\t\t\t\t\t\t<img fetchpriority=\"high\" decoding=\"async\" width=\"1024\" height=\"658\" src=\"https:\/\/claudiaetjoffrey.ouii.fr\/wp-content\/uploads\/2024\/02\/logo-2-1024x658.png\" class=\"attachment-large size-large wp-image-61\" alt=\"\" srcset=\"https:\/\/claudiaetjoffrey.ouii.fr\/wp-content\/uploads\/2024\/02\/logo-2-1024x658.png 1024w, https:\/\/claudiaetjoffrey.ouii.fr\/wp-content\/uploads\/2024\/02\/logo-2-300x193.png 300w, https:\/\/claudiaetjoffrey.ouii.fr\/wp-content\/uploads\/2024\/02\/logo-2-768x493.png 768w, https:\/\/claudiaetjoffrey.ouii.fr\/wp-content\/uploads\/2024\/02\/logo-2.png 1328w\" sizes=\"(max-width: 1024px) 100vw, 1024px\" \/>\t\t\t\t\t\t\t\t\t\t\t\t\t<\/div>\n\t\t\t\t<\/div>\n\t\t\t\t\t<\/div>\n\t\t\t\t<\/div>\n\t\t\t\t<\/div>\n\t\t\t\t<\/div>\n\t\t\t\t<\/div>\n\t\t","protected":false},"excerpt":{"rendered":"<p>Accueil le Programme nos t\u00e9moins H\u00e9bergements J&#8217;indique ma pr\u00e9sence Il \u00e9tait une fois, \u00a0toutes les belles histoires commencent comme \u00e7a,alors il \u00e9tait une fois, Claudia et Joffrey depuis 2015&#8230;.Oui vous avez bien lu&#8230;2015 !!!!! Claudia &#038; Joffrey 29.06.2024 Pour \u00eatre bien servi, il faut savoir attendre &#8230; Il \u00e9tait une fois,toutes les belles histoires commencent&#8230;<\/p>\n","protected":false},"author":1,"featured_media":0,"parent":0,"menu_order":0,"comment_status":"closed","ping_status":"closed","template":"","meta":{"_kad_post_transparent":"","_kad_post_title":"hide","_kad_post_layout":"fullwidth","_kad_post_sidebar_id":"","_kad_post_content_style":"unboxed","_kad_post_vertical_padding":"hide","_kad_post_feature":"hide","_kad_post_feature_position":"","_kad_post_header":false,"_kad_post_footer":false,"footnotes":""},"_links":{"self":[{"href":"https:\/\/claudiaetjoffrey.ouii.fr\/index.php\/wp-json\/wp\/v2\/pages\/226"}],"collection":[{"href":"https:\/\/claudiaetjoffrey.ouii.fr\/index.php\/wp-json\/wp\/v2\/pages"}],"about":[{"href":"https:\/\/claudiaetjoffrey.ouii.fr\/index.php\/wp-json\/wp\/v2\/types\/page"}],"author":[{"embeddable":true,"href":"https:\/\/claudiaetjoffrey.ouii.fr\/index.php\/wp-json\/wp\/v2\/users\/1"}],"replies":[{"embeddable":true,"href":"https:\/\/claudiaetjoffrey.ouii.fr\/index.php\/wp-json\/wp\/v2\/comments?post=226"}],"version-history":[{"count":370,"href":"https:\/\/claudiaetjoffrey.ouii.fr\/index.php\/wp-json\/wp\/v2\/pages\/226\/revisions"}],"predecessor-version":[{"id":1351,"href":"https:\/\/claudiaetjoffrey.ouii.fr\/index.php\/wp-json\/wp\/v2\/pages\/226\/revisions\/1351"}],"wp:attachment":[{"href":"https:\/\/claudiaetjoffrey.ouii.fr\/index.php\/wp-json\/wp\/v2\/media?parent=226"}],"curies":[{"name":"wp","href":"https:\/\/api.w.org\/{rel}","templated":true}]}}